{"id":56,"date":"2012-02-14T19:58:00","date_gmt":"2012-02-14T18:58:00","guid":{"rendered":"http:\/\/guillaume-tell-watten.fr\/?page_id=56"},"modified":"2012-09-03T18:21:05","modified_gmt":"2012-09-03T16:21:05","slug":"maison-de-larcherie","status":"publish","type":"page","link":"https:\/\/guillaume-tell-watten.fr\/?page_id=56","title":{"rendered":"Maison de l&rsquo;Archerie"},"content":{"rendered":"<h5 style=\"text-align: left;\"><strong><br \/>\n<\/strong><\/h5>\n<h1>Suivi des Travaux de la maison des Archers<\/h1>\n<p>Les travaux on\u00a0commenc\u00e9\u00a0le 19 mars 2012 pour durer 6 mois environ pour la parti\u00a0b\u00e2ti. Suite \u00e0 une inspection effectu\u00e9 lors du d\u00e9samiantage, l&rsquo;inspecteur du travail a pris la d\u00e9cision\u00a0d\u2019arr\u00eat temporaire des travaux sur le site du chantier de la maison des archers, le d\u00e9samiantage a \u00e9t\u00e9\u00a0interrompu\u00a0le jeudi 12 avril par l&rsquo;inspection du travail et ne reprendra que lorsque la\u00a0d\u00e9cision\u00a0temporaire sera lev\u00e9e.<\/p>\n<p>La d\u00e9cision d\u2019arr\u00eat de chantier prononc\u00e9 par l\u2019inspection du travail a \u00e9t\u00e9 lev\u00e9e d\u00e9but juillet. Le d\u00e9samiantage peut donc reprendre.<\/p>\nngg_shortcode_0_placeholder\n<p>&nbsp;<\/p>\n<p>&nbsp;<\/p>\n<p>&nbsp;<\/p>\n<p>&nbsp;<\/p>\n","protected":false},"excerpt":{"rendered":"<p>Suivi des Travaux de la maison des Archers Les travaux on\u00a0commenc\u00e9\u00a0le 19 mars 2012 pour durer 6 mois environ pour la parti\u00a0b\u00e2ti. Suite \u00e0 une inspection effectu\u00e9 lors du d\u00e9samiantage, l&rsquo;inspecteur du travail a pris la d\u00e9cision\u00a0d\u2019arr\u00eat temporaire des travaux &hellip; <a href=\"https:\/\/guillaume-tell-watten.fr\/?page_id=56\">Continuer la lecture <span class=\"meta-nav\">&rarr;<\/span><\/a><\/p>\n","protected":false},"author":1,"featured_media":0,"parent":0,"menu_order":0,"comment_status":"closed","ping_status":"open","template":"","meta":{"ngg_post_thumbnail":0,"footnotes":""},"class_list":["post-56","page","type-page","status-publish","hentry"],"_links":{"self":[{"href":"https:\/\/guillaume-tell-watten.fr\/index.php?rest_route=\/wp\/v2\/pages\/56","targetHints":{"allow":["GET"]}}],"collection":[{"href":"https:\/\/guillaume-tell-watten.fr\/index.php?rest_route=\/wp\/v2\/pages"}],"about":[{"href":"https:\/\/guillaume-tell-watten.fr\/index.php?rest_route=\/wp\/v2\/types\/page"}],"author":[{"embeddable":true,"href":"https:\/\/guillaume-tell-watten.fr\/index.php?rest_route=\/wp\/v2\/users\/1"}],"replies":[{"embeddable":true,"href":"https:\/\/guillaume-tell-watten.fr\/index.php?rest_route=%2Fwp%2Fv2%2Fcomments&post=56"}],"version-history":[{"count":17,"href":"https:\/\/guillaume-tell-watten.fr\/index.php?rest_route=\/wp\/v2\/pages\/56\/revisions"}],"predecessor-version":[{"id":61,"href":"https:\/\/guillaume-tell-watten.fr\/index.php?rest_route=\/wp\/v2\/pages\/56\/revisions\/61"}],"wp:attachment":[{"href":"https:\/\/guillaume-tell-watten.fr\/index.php?rest_route=%2Fwp%2Fv2%2Fmedia&parent=56"}],"curies":[{"name":"wp","href":"https:\/\/api.w.org\/{rel}","templated":true}]}}