{"id":86,"date":"2012-02-16T18:54:07","date_gmt":"2012-02-16T17:54:07","guid":{"rendered":"http:\/\/guillaume-tell-watten.fr\/?page_id=86"},"modified":"2012-02-16T18:55:15","modified_gmt":"2012-02-16T17:55:15","slug":"statuts","status":"publish","type":"page","link":"http:\/\/guillaume-tell-watten.fr\/?page_id=86","title":{"rendered":"Statuts"},"content":{"rendered":"<p>&nbsp;<\/p>\n<p><strong>\u00a0 \u00a0 \u00a0 \u00a0 \u00a0 \u00a0 \u00a0 \u00a0 \u00a0 \u00a0 \u00a0 \u00a0 \u00a0 \u00a0 \u00a0 \u00a0 \u00a0 \u00a0 \u00a0 \u00a0 \u00a0 \u00a0 \u00a0 \u00a0 \u00a0 \u00a0 \u00a0 \u00a0 \u00a0 \u00a0 \u00a0 \u00a0 \u00a0 \u00a0 \u00a0 \u00a0 \u00a0 \u00a0 \u00a0\u00a0SOCI\u00c9T\u00c9\u00a0DES ARCHERS<\/strong><\/p>\n<p><strong>\u00a0 \u00a0 \u00a0 \u00a0 \u00a0 \u00a0 \u00a0 \u00a0 \u00a0 \u00a0 \u00a0 \u00a0 \u00a0 \u00a0 \u00a0 \u00a0 \u00a0 \u00a0 \u00a0 \u00a0 \u00a0 \u00a0 \u00a0 \u00a0 \u00a0 \u00a0 \u00a0 \u00a0 \u00a0 \u00a0 \u00a0 \u00a0 \u00a0 \u00a0A la perche verticale avec grille<\/strong><\/p>\n<p><strong>\u00a0 \u00a0 \u00a0 \u00a0 \u00a0 \u00a0 \u00a0 \u00a0 \u00a0 \u00a0 \u00a0 \u00a0 \u00a0 \u00a0 \u00a0 \u00a0 \u00a0 \u00a0 \u00a0 \u00a0 \u00a0 \u00a0 \u00a0 \u00a0 \u00a0 \u00a0 \u00a0 \u00a0 \u00a0 \u00a0 \u00a0 \u00a0\u00ab\u00a0GUILLAUME TELL\u00a0\u00bb de\u00a0<\/strong><strong>WATTEN<\/strong><\/p>\n<p><strong><em><span style=\"text-decoration: underline;\">REMISE A JOUR DES STATUTS<\/span><\/em><\/strong><\/p>\n<p><strong><em><span style=\"text-decoration: underline;\">ARTICLE 1. Reconstitution<\/span><\/em><\/strong><\/p>\n<p>La soci\u00e9t\u00e9 des archers \u00ab\u00a0Guillaume Tell\u00a0\u00bb de Watten a \u00e9t\u00e9 remise en activit\u00e9 le 28 octobre 1972 \u00e0 Watten en vue de reconstituer le groupement des archers de Watten et des environs se livrant \u00e0 l\u2019exercice du tir \u00e0 l\u2019arc sur perche verticale.<\/p>\n<p><strong><em><span style=\"text-decoration: underline;\">ARTICLE 2.<\/span><\/em><\/strong><\/p>\n<p>Le bureau et le comit\u00e9 seront constitu\u00e9s comme suit\u00a0:<\/p>\n<p>Un pr\u00e9sident, un vice-pr\u00e9sident, un secr\u00e9taire, un tr\u00e9sorier, un tr\u00e9sorier adjoint, un chef de mat\u00e9riel et de quatre membres du comit\u00e9.<\/p>\n<p><strong><em><span style=\"text-decoration: underline;\">ARTICLE 3.<\/span><\/em><\/strong><\/p>\n<p>Le si\u00e8ge de la soci\u00e9t\u00e9 est fix\u00e9 au Centre Social \u00ab\u00a0Espace Saint Gilles\u00a0\u00bb, 04 rue de la Victoire 59143 WATTEN.<\/p>\n<p><strong><em><span style=\"text-decoration: underline;\">ARTICLE 4.<\/span><\/em><\/strong><\/p>\n<p>Les nouveaux membres d\u00e9sirant faire partie de la soci\u00e9t\u00e9 devront se faire inscrire aupr\u00e8s du secr\u00e9taire qui pr\u00e9sentera leur candidature au comit\u00e9.<br \/>\nCelui-ci statuera sur leur admission et fera conna\u00eetre aux int\u00e9ress\u00e9s sa d\u00e9cision.<br \/>\nIl s\u2019engage \u00e9galement \u00e0 se conformer aux pr\u00e9sents statuts et r\u00e8glements sous peine d\u2019exclusion de la soci\u00e9t\u00e9.<\/p>\n<p><strong><em><span style=\"text-decoration: underline;\">ARTICLE 5<\/span><\/em><\/strong>.<\/p>\n<p>Les soci\u00e9taires peuvent d\u00e9missionner \u00e0 n\u2019importe quelle \u00e9poque de l\u2019ann\u00e9e, mais perdent tout droit \u00e0 l\u2019actif de la soci\u00e9t\u00e9 ainsi qu\u2019\u00e0 la cotisation vers\u00e9e pour l\u2019ann\u00e9e en cours.<\/p>\n<p><strong><em><span style=\"text-decoration: underline;\">ARTICLE 6<\/span><\/em><\/strong>.<\/p>\n<p>Une r\u00e9union g\u00e9n\u00e9rale aura lieu obligatoirement chaque ann\u00e9e au local des archers ou au si\u00e8ge de la soci\u00e9t\u00e9.<\/p>\n<p>Le comit\u00e9 se r\u00e9unira chaque fois qu\u2019il le jugera utile, il examinera obligatoirement toute suggestion pr\u00e9sent\u00e9e par les membres de la soci\u00e9t\u00e9\u00a0; sa d\u00e9cision sera sans appel.<\/p>\n<p><strong><em><span style=\"text-decoration: underline;\">ARTICLE 7.<\/span><\/em><\/strong><\/p>\n<p>Tout litige pouvant survenir au sein de la soci\u00e9t\u00e9 sera r\u00e9gl\u00e9 par le comit\u00e9 qui se r\u00e9serve, si besoin est, de modifier les articles du pr\u00e9sent statut et au besoin d\u2019en ajouter d\u2019autres.<\/p>\n<p><strong><em><span style=\"text-decoration: underline;\">\u00a0<\/span><\/em><\/strong><strong><em><span style=\"text-decoration: underline;\">ARTICLE 8.<\/span><\/em><\/strong><\/p>\n<p>Le comit\u00e9 d\u00e9cidera des tirs et des prix attribu\u00e9s pour le bien de la soci\u00e9t\u00e9.<\/p>\n<p>Le tir du chef de perche aura lieu le lundi de P\u00e2ques, c\u2019est le roi de l\u2019ann\u00e9e pr\u00e9c\u00e9dente qui d\u00e9butera le tir par 2 fl\u00e8ches d\u2019essais s\u2019il le souhaite, mais elles ne compteront pas pour le titre de Roy, il sera effectu\u00e9 trois tours obligatoires + tour fini pour tous les soci\u00e9taires.<\/p>\n<p><strong><em><span style=\"text-decoration: underline;\">ARTICLE 9.<\/span><\/em><\/strong><\/p>\n<p>Les archers remportant des coupes, m\u00e9dailles et autres objets \u00e0 titre individuel au cours des tirs \u00e0 l\u2019arc seront de plein droit propri\u00e9taires de ces objets, par contre tout prix remport\u00e9 en \u00e9quipe ou en peloton restera obligatoirement propri\u00e9t\u00e9 de la soci\u00e9t\u00e9 et sera d\u00e9pos\u00e9 au local des archers.<\/p>\n<p><strong><em><span style=\"text-decoration: underline;\">ARTICLE 10.<\/span><\/em><\/strong><\/p>\n<p>Toute discussion politique est interdite au sein de la soci\u00e9t\u00e9, que ce soit au cours des r\u00e9unions ou des tirs etc.\u2026<\/p>\n<p><strong><em><span style=\"text-decoration: underline;\">ARTICLE 11.<\/span><\/em><\/strong><\/p>\n<p>Les archers d\u00e9sirant participer au challenge devront avoir pay\u00e9 la cotisation de l\u2019ann\u00e9e en cours et d\u00e9tenir une licence sportive au sein de la soci\u00e9t\u00e9.<\/p>\n<p>Chaque ann\u00e9e les trois archers ayant faits le moins de points seront \u00e9limin\u00e9s pour l\u2019ann\u00e9e suivante.<\/p>\n<p>En vue de la formation de l\u2019\u00e9quipe, deux tirs de barrage en quarante fl\u00e8ches (20 aux honneurs et 20 \u00e0 la grille) seront organis\u00e9s. Les dates seront choisies le jour de l\u2019assembl\u00e9e g\u00e9n\u00e9rale annuelle en d\u00e9but de chaque ann\u00e9e.<\/p>\n<p>Toute personne d\u00e9sirant participer aux tirs de barrage devra le signaler au plus tard le jour du tir de roy.<\/p>\n<p><strong><em><span style=\"text-decoration: underline;\">ARTCILE 12<\/span><\/em><\/strong><\/p>\n<p>Le bureau sera \u00e9lu par le comit\u00e9\u00a0; en cas de vacation d\u2019un si\u00e8ge le comit\u00e9 votera pour remplacer celui-ci.<\/p>\n<p><strong><em><span style=\"text-decoration: underline;\">ARTICLE 13.<\/span><\/em><\/strong><\/p>\n<p>Tous les archers sont assur\u00e9s par le biais de l\u2019U.A.A.N.F. en r\u00e9glant leur licence annuelle obligatoire.<\/p>\n<p><strong><em><span style=\"text-decoration: underline;\">ARTICLE 14<\/span><\/em><\/strong>.<\/p>\n<p>Les soci\u00e9taires s\u2019engagent formellement \u00e0 respecter les consignes donn\u00e9s lors des tirs, ainsi que les services qui leurs seront demand\u00e9s \u00e0 l\u2019occasion de ceux-ci.<\/p>\n<p><strong><em><span style=\"text-decoration: underline;\">ARTICLE 15.<\/span><\/em><\/strong><\/p>\n<p>En vue de la constitution des \u00e9quipes de coupe, la soci\u00e9t\u00e9 laisse au gr\u00e9 des membres la formation des \u00e9quipes.<\/p>\n<p><strong><em><span style=\"text-decoration: underline;\">ARTICLE 16.<\/span><\/em><\/strong><\/p>\n<p>Tout jeune voulant s\u2019inscrire dans la soci\u00e9t\u00e9 payera un droit d\u2019entr\u00e9e de 4 \u20ac la premi\u00e8re ann\u00e9e. Ensuite, la cotisation sera prise en charge par la soci\u00e9t\u00e9 jusqu\u2019\u00e0 16 ans inclus.<\/p>\n<p>&nbsp;<\/p>\n<p><strong>STATUTS ADOPTES LE\u00a0: 24-11-2006 <\/strong><\/p>\n<p><strong>Le Pr\u00e9sident\u00a0\u00a0\u00a0\u00a0\u00a0\u00a0\u00a0\u00a0\u00a0\u00a0\u00a0\u00a0\u00a0\u00a0\u00a0\u00a0\u00a0\u00a0\u00a0\u00a0\u00a0\u00a0\u00a0\u00a0\u00a0 \u00a0\u00a0\u00a0\u00a0\u00a0\u00a0 Le Secr\u00e9taire \u00a0 \u00a0 \u00a0 \u00a0 \u00a0 \u00a0 \u00a0 \u00a0 \u00a0 \u00a0 \u00a0 \u00a0 \u00a0 \u00a0 \u00a0 \u00a0 \u00a0 Le Vice-pr\u00e9sident<\/strong><\/p>\n<p>Daniel DELHAYE \u00a0 \u00a0 \u00a0 \u00a0 \u00a0 \u00a0 \u00a0 \u00a0 \u00a0 \u00a0 \u00a0 \u00a0 \u00a0 \u00a0Jean Luc CAREYE \u00a0 \u00a0 \u00a0 \u00a0 \u00a0 \u00a0 \u00a0 \u00a0 \u00a0 \u00a0 \u00a0 \u00a0Jean No\u00ebl VANVINCQ<\/p>\n<p>&nbsp;<\/p>\n","protected":false},"excerpt":{"rendered":"<p>&nbsp; \u00a0 \u00a0 \u00a0 \u00a0 \u00a0 \u00a0 \u00a0 \u00a0 \u00a0 \u00a0 \u00a0 \u00a0 \u00a0 \u00a0 \u00a0 \u00a0 \u00a0 \u00a0 \u00a0 \u00a0 \u00a0 \u00a0 \u00a0 \u00a0 \u00a0 \u00a0 \u00a0 \u00a0 \u00a0 \u00a0 \u00a0 \u00a0 \u00a0 \u00a0 \u00a0 \u00a0 \u00a0 \u00a0 \u00a0\u00a0SOCI\u00c9T\u00c9\u00a0DES &hellip; <a href=\"http:\/\/guillaume-tell-watten.fr\/?page_id=86\">Continuer la lecture <span class=\"meta-nav\">&rarr;<\/span><\/a><\/p>\n","protected":false},"author":1,"featured_media":0,"parent":0,"menu_order":0,"comment_status":"closed","ping_status":"open","template":"","meta":{"ngg_post_thumbnail":0,"footnotes":""},"class_list":["post-86","page","type-page","status-publish","hentry"],"_links":{"self":[{"href":"http:\/\/guillaume-tell-watten.fr\/index.php?rest_route=\/wp\/v2\/pages\/86","targetHints":{"allow":["GET"]}}],"collection":[{"href":"http:\/\/guillaume-tell-watten.fr\/index.php?rest_route=\/wp\/v2\/pages"}],"about":[{"href":"http:\/\/guillaume-tell-watten.fr\/index.php?rest_route=\/wp\/v2\/types\/page"}],"author":[{"embeddable":true,"href":"http:\/\/guillaume-tell-watten.fr\/index.php?rest_route=\/wp\/v2\/users\/1"}],"replies":[{"embeddable":true,"href":"http:\/\/guillaume-tell-watten.fr\/index.php?rest_route=%2Fwp%2Fv2%2Fcomments&post=86"}],"version-history":[{"count":3,"href":"http:\/\/guillaume-tell-watten.fr\/index.php?rest_route=\/wp\/v2\/pages\/86\/revisions"}],"predecessor-version":[{"id":88,"href":"http:\/\/guillaume-tell-watten.fr\/index.php?rest_route=\/wp\/v2\/pages\/86\/revisions\/88"}],"wp:attachment":[{"href":"http:\/\/guillaume-tell-watten.fr\/index.php?rest_route=%2Fwp%2Fv2%2Fmedia&parent=86"}],"curies":[{"name":"wp","href":"https:\/\/api.w.org\/{rel}","templated":true}]}}