{"id":74,"date":"2012-02-15T18:39:11","date_gmt":"2012-02-15T17:39:11","guid":{"rendered":"http:\/\/guillaume-tell-watten.fr\/?page_id=74"},"modified":"2012-02-28T19:36:23","modified_gmt":"2012-02-28T18:36:23","slug":"les-presidents","status":"publish","type":"page","link":"http:\/\/guillaume-tell-watten.fr\/?page_id=74","title":{"rendered":"Les Pr\u00e9sidents"},"content":{"rendered":"<p align=\"center\">Les Pr\u00e9sident de la \u00ab\u00a0Guillaume-Tell\u00a0\u00bb<\/p>\n<p align=\"center\">Reconstitution de la Soci\u00e9t\u00e9 des Archers de WATTEN le 24 Juin 1892<\/p>\n<p align=\"center\">Auguste DEBACKER de 1892 \u00e0 &#8230;&#8230;?<\/p>\n<p align=\"center\">Andr\u00e9 LONGUEVAL de &#8230;&#8230;? \u00e0 1908<\/p>\n<p align=\"center\">F\u00e9lix DURIEZ de 1909 \u00e0 1934<\/p>\n<p align=\"center\">De 1935 \u00e0 1939 pas d&rsquo;archive<\/p>\n<p align=\"center\">De 1939 \u00e0 1945 arr\u00eat de la soci\u00e9t\u00e9 pendant la Guerre<\/p>\n<p align=\"center\">\u00a0Reconstitution de la soci\u00e9t\u00e9 la \u00ab\u00a0Guillaume-Tell\u00a0\u00bb de WATTEN le 11 d\u00e9cembre 1972<\/p>\n<p align=\"center\">Gabriel VANLERBERGUE de 1973 \u00e0 1979<\/p>\n<p align=\"center\">Gaston LEFEBVRE de 1980 \u00e0 1982<\/p>\n<p align=\"center\">Ren\u00e9 DEGRAEVE de 1983 \u00e0 1990<\/p>\n<p align=\"center\"><a href=\"http:\/\/guillaume-tell-watten.fr\/wp-content\/uploads\/2012\/02\/Photos-envoy\u00e9-par-Jean-Luc-AVART-036.jpg\">Jean Pierre LEVEL<\/a> de 1991 \u00e0 1992<\/p>\n<p align=\"center\"><a href=\"http:\/\/guillaume-tell-watten.fr\/wp-content\/uploads\/2012\/02\/100_23511.jpg\">Daniel DELHAYE<\/a> de 1993 \u00e0 &#8230;&#8230;..<\/p>\n","protected":false},"excerpt":{"rendered":"<p>Les Pr\u00e9sident de la \u00ab\u00a0Guillaume-Tell\u00a0\u00bb Reconstitution de la Soci\u00e9t\u00e9 des Archers de WATTEN le 24 Juin 1892 Auguste DEBACKER de 1892 \u00e0 &#8230;&#8230;? Andr\u00e9 LONGUEVAL de &#8230;&#8230;? \u00e0 1908 F\u00e9lix DURIEZ de 1909 \u00e0 1934 De 1935 \u00e0 1939 pas &hellip; <a href=\"http:\/\/guillaume-tell-watten.fr\/?page_id=74\">Continuer la lecture <span class=\"meta-nav\">&rarr;<\/span><\/a><\/p>\n","protected":false},"author":1,"featured_media":0,"parent":0,"menu_order":0,"comment_status":"closed","ping_status":"open","template":"","meta":{"ngg_post_thumbnail":0,"footnotes":""},"class_list":["post-74","page","type-page","status-publish","hentry"],"_links":{"self":[{"href":"http:\/\/guillaume-tell-watten.fr\/index.php?rest_route=\/wp\/v2\/pages\/74","targetHints":{"allow":["GET"]}}],"collection":[{"href":"http:\/\/guillaume-tell-watten.fr\/index.php?rest_route=\/wp\/v2\/pages"}],"about":[{"href":"http:\/\/guillaume-tell-watten.fr\/index.php?rest_route=\/wp\/v2\/types\/page"}],"author":[{"embeddable":true,"href":"http:\/\/guillaume-tell-watten.fr\/index.php?rest_route=\/wp\/v2\/users\/1"}],"replies":[{"embeddable":true,"href":"http:\/\/guillaume-tell-watten.fr\/index.php?rest_route=%2Fwp%2Fv2%2Fcomments&post=74"}],"version-history":[{"count":6,"href":"http:\/\/guillaume-tell-watten.fr\/index.php?rest_route=\/wp\/v2\/pages\/74\/revisions"}],"predecessor-version":[{"id":183,"href":"http:\/\/guillaume-tell-watten.fr\/index.php?rest_route=\/wp\/v2\/pages\/74\/revisions\/183"}],"wp:attachment":[{"href":"http:\/\/guillaume-tell-watten.fr\/index.php?rest_route=%2Fwp%2Fv2%2Fmedia&parent=74"}],"curies":[{"name":"wp","href":"https:\/\/api.w.org\/{rel}","templated":true}]}}